{"id":899,"date":"2019-12-19T12:34:39","date_gmt":"2019-12-19T11:34:39","guid":{"rendered":"https:\/\/www.lewitschnig.at\/ordination\/"},"modified":"2026-03-30T12:52:08","modified_gmt":"2026-03-30T10:52:08","slug":"private-practice","status":"publish","type":"page","link":"https:\/\/www.lewitschnig.at\/en\/private-practice\/","title":{"rendered":"Private practice for thyroid and aesthetic in Klagenfurt"},"content":{"rendered":"<section class=\"l-section wpb_row height_auto\"><div class=\"l-section-h i-cf\"><div class=\"g-cols vc_row via_flex valign_middle type_default stacking_default\"><div class=\"vc_col-sm-4 wpb_column vc_column_container\"><div class=\"vc_column-inner\"><div class=\"wpb_wrapper\"><div class=\"wpb_text_column\"><div class=\"wpb_wrapper\"><h1>Private practice for thyroid and aesthetic<\/h1>\n<\/div><\/div><div class=\"wpb_text_column\"><div class=\"wpb_wrapper\"><p>I am looking forward to welcoming you in my private practice for thyroid and aesthetic in Klagenfurt am W\u00f6rthersee or virtually online. My name is Dr Scarlett Lewitschnig, I am a consultant in <strong>nuclear medicine, general medicine and holistic medicine<\/strong> with <strong>focus on thyroid and aesthetics<\/strong>.<\/p>\n<\/div><\/div><\/div><\/div><\/div><div class=\"vc_col-sm-8 wpb_column vc_column_container\"><div class=\"vc_column-inner\"><div class=\"wpb_wrapper\"><div class=\"w-image align_none\"><div url class=\"w-image-h\"><img decoding=\"async\" width=\"1440\" height=\"1440\" data-src=\"https:\/\/www.lewitschnig.at\/wp-content\/uploads\/2024\/01\/scarlett_lewitschnig_portrait_foto_schilddruesenarzt_in_klagenfurt_kontakt_foto_by_anja_koppitsch.jpg\" class=\"attachment-full size-full lazyload\" alt=\"\" data-srcset=\"https:\/\/www.lewitschnig.at\/wp-content\/uploads\/2024\/01\/scarlett_lewitschnig_portrait_foto_schilddruesenarzt_in_klagenfurt_kontakt_foto_by_anja_koppitsch.jpg 1440w, https:\/\/www.lewitschnig.at\/wp-content\/uploads\/2024\/01\/scarlett_lewitschnig_portrait_foto_schilddruesenarzt_in_klagenfurt_kontakt_foto_by_anja_koppitsch-300x300.jpg 300w, https:\/\/www.lewitschnig.at\/wp-content\/uploads\/2024\/01\/scarlett_lewitschnig_portrait_foto_schilddruesenarzt_in_klagenfurt_kontakt_foto_by_anja_koppitsch-1024x1024.jpg 1024w, https:\/\/www.lewitschnig.at\/wp-content\/uploads\/2024\/01\/scarlett_lewitschnig_portrait_foto_schilddruesenarzt_in_klagenfurt_kontakt_foto_by_anja_koppitsch-150x150.jpg 150w\" data-sizes=\"(max-width: 1440px) 100vw, 1440px\" src=\"data:image\/svg+xml;base64,PHN2ZyB3aWR0aD0iMSIgaGVpZ2h0PSIxIiB4bWxucz0iaHR0cDovL3d3dy53My5vcmcvMjAwMC9zdmciPjwvc3ZnPg==\" style=\"--smush-placeholder-width: 1440px; --smush-placeholder-aspect-ratio: 1440\/1440;\" \/><\/div><\/div><\/div><\/div><\/div><\/div><\/div><\/section><section class=\"l-section wpb_row height_auto\"><div class=\"l-section-h i-cf\"><div class=\"g-cols vc_row via_flex valign_middle type_default stacking_default\"><div class=\"vc_col-sm-12 wpb_column vc_column_container\"><div class=\"vc_column-inner\"><div class=\"wpb_wrapper\"><div class=\"w-separator size_huge\"><\/div><\/div><\/div><\/div><\/div><\/div><\/section><section class=\"l-section wpb_row height_auto\" id=\"reimbursement\"><div class=\"l-section-h i-cf\"><div class=\"g-cols vc_row via_flex valign_middle type_default stacking_default\"><div class=\"vc_col-sm-4 wpb_column vc_column_container\"><div class=\"vc_column-inner\"><div class=\"wpb_wrapper\"><div class=\"wpb_text_column\"><div class=\"wpb_wrapper\"><h3>Your private physician for thyroid<\/h3>\n<\/div><\/div><\/div><\/div><\/div><div class=\"vc_col-sm-4 wpb_column vc_column_container\"><div class=\"vc_column-inner\"><div class=\"wpb_wrapper\"><div class=\"wpb_text_column\"><div class=\"wpb_wrapper\"><p>As a private physician, I do not have a contract with health insurance companies, meaning you will initially have to pay my invoices yourself. We can submit your invoice to your public austrian insurance company, so that you can receive a partial reimbursement depending on the diagnosis, services provided, and your individual circumstances.<\/p>\n<\/div><\/div><\/div><\/div><\/div><div class=\"vc_col-sm-4 wpb_column vc_column_container\"><div class=\"vc_column-inner\"><div class=\"wpb_wrapper\"><div class=\"wpb_text_column\"><div class=\"wpb_wrapper\"><p>As a private physician, I have the opportunity to dedicate as much time as you need. Shorter notice and more flexible appointment scheduling are also possible. If you keep your appointment, you will generally not experience any waiting time.<\/p>\n<\/div><\/div><\/div><\/div><\/div><\/div><\/div><\/section><section class=\"l-section wpb_row height_auto\"><div class=\"l-section-h i-cf\"><div class=\"g-cols vc_row via_flex valign_middle type_default stacking_default\"><div class=\"vc_col-sm-12 wpb_column vc_column_container\"><div class=\"vc_column-inner\"><div class=\"wpb_wrapper\"><div class=\"w-separator size_huge\"><\/div><div class=\"w-image align_none\"><div url class=\"w-image-h\"><img decoding=\"async\" width=\"1920\" height=\"1135\" data-src=\"https:\/\/www.lewitschnig.at\/wp-content\/uploads\/2019\/11\/scarlett_lewitschnig_schilddruesenuntersuchung_schilddruesenordination_bei_mann.jpg\" class=\"attachment-full size-full lazyload\" alt=\"\" data-srcset=\"https:\/\/www.lewitschnig.at\/wp-content\/uploads\/2019\/11\/scarlett_lewitschnig_schilddruesenuntersuchung_schilddruesenordination_bei_mann.jpg 1920w, https:\/\/www.lewitschnig.at\/wp-content\/uploads\/2019\/11\/scarlett_lewitschnig_schilddruesenuntersuchung_schilddruesenordination_bei_mann-300x177.jpg 300w, https:\/\/www.lewitschnig.at\/wp-content\/uploads\/2019\/11\/scarlett_lewitschnig_schilddruesenuntersuchung_schilddruesenordination_bei_mann-1024x605.jpg 1024w, https:\/\/www.lewitschnig.at\/wp-content\/uploads\/2019\/11\/scarlett_lewitschnig_schilddruesenuntersuchung_schilddruesenordination_bei_mann-1536x908.jpg 1536w\" data-sizes=\"(max-width: 1920px) 100vw, 1920px\" src=\"data:image\/svg+xml;base64,PHN2ZyB3aWR0aD0iMSIgaGVpZ2h0PSIxIiB4bWxucz0iaHR0cDovL3d3dy53My5vcmcvMjAwMC9zdmciPjwvc3ZnPg==\" style=\"--smush-placeholder-width: 1920px; --smush-placeholder-aspect-ratio: 1920\/1135;\" \/><\/div><\/div><div class=\"w-separator size_huge\"><\/div><\/div><\/div><\/div><\/div><\/div><\/section><section class=\"l-section wpb_row height_medium\" id=\"insurance-reimbursement\"><div class=\"l-section-h i-cf\"><div class=\"g-cols vc_row via_flex valign_top type_default stacking_default\"><div class=\"vc_col-sm-4 wpb_column vc_column_container\"><div class=\"vc_column-inner\"><div class=\"wpb_wrapper\"><div class=\"wpb_text_column\"><div class=\"wpb_wrapper\"><h3>Your expert for holistic health, thyroid and aesthetics<\/h3>\n<\/div><\/div><\/div><\/div><\/div><div class=\"vc_col-sm-4 wpb_column vc_column_container\"><div class=\"vc_column-inner\"><div class=\"wpb_wrapper\"><div class=\"wpb_text_column\"><div class=\"wpb_wrapper\"><p>To feel good in our skin it sometimes needs a little help. This help can be nutritional advice, skin care tips or minimal invasive targeted therapy. My patients profit from my international experiences in skin care and aesthetics.<\/p>\n<\/div><\/div><\/div><\/div><\/div><div class=\"vc_col-sm-4 wpb_column vc_column_container\"><div class=\"vc_column-inner\"><div class=\"wpb_wrapper\"><div class=\"wpb_text_column\"><div class=\"wpb_wrapper\"><\/div><\/div><\/div><\/div><\/div><\/div><\/div><\/section><section class=\"l-section wpb_row height_auto\"><div class=\"l-section-h i-cf\"><div class=\"g-cols vc_row via_flex valign_middle type_default stacking_default\"><div class=\"vc_col-sm-12 wpb_column vc_column_container\"><div class=\"vc_column-inner\"><div class=\"wpb_wrapper\"><div class=\"w-separator size_huge\"><\/div><div class=\"w-image align_none\"><div url class=\"w-image-h\"><img decoding=\"async\" width=\"1920\" height=\"1135\" data-src=\"https:\/\/www.lewitschnig.at\/wp-content\/uploads\/2022\/08\/scarlett_lewitschnig_scho\u0308nheitmedizin_1920x1135px.png\" class=\"attachment-full size-full lazyload\" alt=\"Frau mit sch\u00f6nen Gesicht und Frau mit Zonen f\u00fcr \u00c4sthetik Behandlung - Foto Shutterstock\" data-srcset=\"https:\/\/www.lewitschnig.at\/wp-content\/uploads\/2022\/08\/scarlett_lewitschnig_scho\u0308nheitmedizin_1920x1135px.png 1920w, https:\/\/www.lewitschnig.at\/wp-content\/uploads\/2022\/08\/scarlett_lewitschnig_scho\u0308nheitmedizin_1920x1135px-300x177.png 300w, https:\/\/www.lewitschnig.at\/wp-content\/uploads\/2022\/08\/scarlett_lewitschnig_scho\u0308nheitmedizin_1920x1135px-1024x605.png 1024w\" data-sizes=\"(max-width: 1920px) 100vw, 1920px\" src=\"data:image\/svg+xml;base64,PHN2ZyB3aWR0aD0iMSIgaGVpZ2h0PSIxIiB4bWxucz0iaHR0cDovL3d3dy53My5vcmcvMjAwMC9zdmciPjwvc3ZnPg==\" style=\"--smush-placeholder-width: 1920px; --smush-placeholder-aspect-ratio: 1920\/1135;\" \/><\/div><\/div><div class=\"w-separator size_huge\"><\/div><\/div><\/div><\/div><\/div><\/div><\/section><section class=\"l-section wpb_row height_auto\"><div class=\"l-section-h i-cf\"><div class=\"g-cols vc_row via_flex valign_middle type_default stacking_default\"><div class=\"vc_col-sm-4 wpb_column vc_column_container\"><div class=\"vc_column-inner\"><div class=\"wpb_wrapper\"><div class=\"wpb_text_column\"><div class=\"wpb_wrapper\"><h3>Procedure in the doctor&#8217;s office<\/h3>\n<\/div><\/div><\/div><\/div><\/div><div class=\"vc_col-sm-4 wpb_column vc_column_container\"><div class=\"vc_column-inner\"><div class=\"wpb_wrapper\"><div class=\"wpb_text_column\"><div class=\"wpb_wrapper\"><p>If you are coming for a <strong>thyroid examination<\/strong>, please fill out a questionnaire beforehand. Please also refrain from taking any thyroid medication on the day of the examination. During the consultation, I will first take your medical history, followed by an ultrasound examination of your thyroid.<\/p>\n<p>Depending on your medical history and the ultrasound findings, I will order blood tests, and if necessary, after informing you about any nodules, a biopsy will be taken. At the end of the consultation, I will discuss the ultrasound findings with you. The report, including the lab results and my recommendations, will be sent to your primary care physician.<\/p>\n<p>If you are coming for a <strong>cosmetic procedure<\/strong>, you will receive a medical history and information sheet via email beforehand, which you should complete and bring with you. Please come to your appointment without makeup.<\/p>\n<\/div><\/div><div class=\"w-btn-wrapper align_none\"><a class=\"w-btn us-btn-style_2 icon_atleft\" target=\"_blank\" href=\"https:\/\/www.lewitschnig.at\/wp-content\/uploads\/2026\/02\/Dr.-Scarlett-Lewitschnig-Price-List-2026-1.pdf\"><i class=\"fal fa-arrow-right\"><\/i><span class=\"w-btn-label\">Price list<\/span><\/a><\/div><\/div><\/div><\/div><div class=\"vc_col-sm-4 wpb_column vc_column_container\"><div class=\"vc_column-inner\"><div class=\"wpb_wrapper\"><div class=\"wpb_text_column\"><div class=\"wpb_wrapper\"><p>Waiting times are short, and patients can wait in an available treatment room if they wish. During the initial consultation, we will discuss your specific problems, define your therapy goals, and create a treatment plan. Photos will be taken at the beginning and after each treatment for documentation purposes. If you would like, I can also create a personalized skincare plan for you.<\/p>\n<p>If you are coming for a comprehensive examination, including a muscle test as part of functional myodiagnostics, I will send you a detailed questionnaire via email beforehand, which you should bring with you to your appointment.<\/p>\n<p>On the day of the examination, I would ask you to refrain from taking any dietary supplements and to bring all supplements and medications (please do not include empty packaging!) with you for testing. You can find more information about the procedure and method <a href=\"https:\/\/www.lewitschnig.at\/en\/kinesiology\/\" target=\"_blank\" rel=\"noopener\">here<\/a>.<\/p>\n<\/div><\/div><\/div><\/div><\/div><\/div><\/div><\/section><section class=\"l-section wpb_row height_auto\"><div class=\"l-section-h i-cf\"><div class=\"g-cols vc_row via_flex valign_middle type_default stacking_default\"><div class=\"vc_col-sm-12 wpb_column vc_column_container\"><div class=\"vc_column-inner\"><div class=\"wpb_wrapper\"><div class=\"w-separator size_huge\"><\/div><\/div><\/div><\/div><\/div><\/div><\/section><section class=\"l-section wpb_row height_auto\"><div class=\"l-section-h i-cf\"><div class=\"g-cols vc_row via_flex valign_middle type_default stacking_default\"><div class=\"vc_col-sm-6 wpb_column vc_column_container\"><div class=\"vc_column-inner\"><div class=\"wpb_wrapper\"><div class=\"w-html\"> <div class=\"brlbs-cmpnt-container brlbs-cmpnt-content-blocker brlbs-cmpnt-with-individual-styles\" data-borlabs-cookie-content-blocker-id=\"google-maps\" data-borlabs-cookie-content=\"PGlmcmFtZSBzcmM9Imh0dHBzOi8vd3d3Lmdvb2dsZS5jb20vbWFwcy9lbWJlZD9wYj0hMW0xOCExbTEyITFtMyExZDI3MzkuNzA0NTEyNDgxNjA0NSEyZDE0LjI5ODA5NDk3NjYyOTQ2MiEzZDQ2LjYzMjU5OTQ3MTExNzE5NiEybTMhMWYwITJmMCEzZjAhM20yITFpMTAyNCEyaTc2OCE0ZjEzLjEhM20zITFtMiExczB4NDc3MDczNzc3YWZmN2ZlMyUzQTB4MWJkYjAzNzQ4MGNmZjJlMiEyc0RyLiUyMFNjYXJsZXR0JTIwTGV3aXRzY2huaWchNWUwITNtMiExc2RlITJzYXQhNHYxNzIwMDQzODc1NzM1ITVtMiExc2RlITJzYXQiIHdpZHRoPSI2MDAiIGhlaWdodD0iNTAwIiBzdHlsZT0iYm9yZGVyOjA7IiBhbGxvd2Z1bGxzY3JlZW49IiIgbG9hZGluZz0ibGF6eSIgcmVmZXJyZXJwb2xpY3k9Im5vLXJlZmVycmVyLXdoZW4tZG93bmdyYWRlIj48L2lmcmFtZT4=\"><div class=\"brlbs-cmpnt-cb-preset-b brlbs-cmpnt-cb-google-maps\"> <div class=\"brlbs-cmpnt-cb-thumbnail lazyload\" style=\"background-image:inherit\" data-bg-image=\"url(&#039;https:\/\/www.lewitschnig.at\/wp-content\/uploads\/borlabs-cookie\/1\/brlbs-cb-google-maps-main.png&#039;)\"><\/div> <div class=\"brlbs-cmpnt-cb-main\"> <div class=\"brlbs-cmpnt-cb-content\"> <p class=\"brlbs-cmpnt-cb-description\">You are currently viewing placeholder content from <strong>Google Maps<\/strong>. To access the actual content, click on the button below. Please note that this will result in data being shared with third parties.<\/p> <a class=\"brlbs-cmpnt-cb-provider-toggle\" href=\"#\" data-borlabs-cookie-show-provider-information role=\"button\">More information<\/a> <\/div> <div class=\"brlbs-cmpnt-cb-buttons\"> <a class=\"brlbs-cmpnt-cb-btn\" href=\"#\" data-borlabs-cookie-unblock role=\"button\">Unlock content<\/a> <a class=\"brlbs-cmpnt-cb-btn\" href=\"#\" data-borlabs-cookie-accept-service role=\"button\" style=\"display: inherit\">Accept required service and unlock content<\/a> <\/div> <\/div> <\/div><\/div><\/div><\/div><\/div><\/div><div class=\"vc_col-sm-6 wpb_column vc_column_container\"><div class=\"vc_column-inner\"><div class=\"wpb_wrapper\"><div class=\"wpb_text_column\"><div class=\"wpb_wrapper\"><h1>Contact and appointments<\/h1>\n<\/div><\/div><div class=\"wpb_text_column\"><div class=\"wpb_wrapper\"><p style=\"text-align: left;\">Blumengasse 12<br \/>\n9020 Klagenfurt am W\u00f6rthersee<br \/>\nAustria<\/p>\n<\/div><\/div><div class=\"w-separator size_small\"><\/div><div class=\"g-cols wpb_row via_flex valign_top type_default stacking_default\"><div class=\"vc_col-sm-6 wpb_column vc_column_container\"><div class=\"vc_column-inner\"><div class=\"wpb_wrapper\"><div class=\"wpb_text_column\"><div class=\"wpb_wrapper\"><p style=\"text-align: left;\"><strong>Monday<\/strong><br \/>\n7 am &#8211; 12 pm und 2 &#8211; 6 pm<\/p>\n<p><strong>Tuesday<\/strong><br \/>\n7 am &#8211; 12 pm und 2 &#8211; 5 pm<\/p>\n<p><strong>Wednesday &amp; Thursday<\/strong><br \/>\n8 am &#8211; 12 pm<\/p>\n<\/div><\/div><\/div><\/div><\/div><div class=\"vc_col-sm-6 wpb_column vc_column_container\"><div class=\"vc_column-inner\"><div class=\"wpb_wrapper\"><\/div><\/div><\/div><\/div><div class=\"w-separator size_small\"><\/div><div class=\"wpb_text_column\"><div class=\"wpb_wrapper\"><p style=\"text-align: left;\">Book an appointment or send an email<\/p>\n<\/div><\/div><div class=\"w-separator size_small\"><\/div><div class=\"w-iconbox iconpos_left style_default color_light align_left no_text\"><a href=\"mailto:ordination@lewitschnig.at\" class=\"w-iconbox-link\" aria-label=\"ordination@lewitschnig.at\"><div class=\"w-iconbox-icon\" style=\"font-size:1.2rem;\"><i class=\"fal fa-envelope\"><\/i><\/div><\/a><div class=\"w-iconbox-meta\"><a href=\"mailto:ordination@lewitschnig.at\" class=\"w-iconbox-link\" aria-label=\"ordination@lewitschnig.at\"><h6 class=\"w-iconbox-title\">ordination@lewitschnig.at<\/h6><\/a><\/div><\/div><\/div><\/div><\/div><\/div><\/div><\/section><section class=\"l-section wpb_row height_auto\"><div class=\"l-section-h i-cf\"><div class=\"g-cols vc_row via_flex valign_top type_default stacking_default\"><div class=\"vc_col-sm-12 wpb_column vc_column_container\"><div class=\"vc_column-inner\"><div class=\"wpb_wrapper\"><div class=\"w-separator size_huge\"><\/div><div class=\"w-btn-wrapper align_center\"><a class=\"w-btn us-btn-style_2 icon_atright\" target=\"_blank\" rel=\"nofollow noopener\" href=\"https:\/\/patient.latido.at\/booking\/select;profileid=5e665994145139b3d41eea6f;coredataid=5e6659915f11f01b5385a7d6\"><span class=\"w-btn-label\">Get your appointment now<\/span><i class=\"fal fa-arrow-right\"><\/i><\/a><\/div><div class=\"w-separator size_large\"><\/div><div class=\"w-grid type_grid layout_96 cols_2 ratio_1x1\" id=\"us_grid_1\" style=\"--gap:1.5rem;\" data-filterable=\"true\"><style>@media (max-width:600px){#us_grid_1 .w-grid-list{margin:0}#us_grid_1 .w-grid-item{width:100%;padding:0;margin-bottom:var(--gap,0px)}}.layout_96 .w-grid-item-h:before{padding-bottom:100%}@media (min-width:601px){.layout_96 .w-grid-item.size_1x2 .w-grid-item-h:before{padding-bottom:calc(200% + var(--gap,0px) * 2)}.layout_96 .w-grid-item.size_2x1 .w-grid-item-h:before{padding-bottom:calc(50% - var(--gap,0px) * 1)}.layout_96 .w-grid-item.size_2x2 .w-grid-item-h:before{padding-bottom:calc(100% - var(--gap,0px) * 0)}}.layout_96 .w-grid-item-h{}<\/style><div class=\"w-grid-list\">\t<article class=\"w-grid-item post-2000 attachment type-attachment status-inherit hentry\" data-id=\"2000\">\r\n\t\t<div class=\"w-grid-item-h\">\r\n\t\t\t\t\t\t<div class=\"w-post-elm post_image usg_post_image_1 bw-img-link stretched\"><img decoding=\"async\" width=\"1024\" height=\"555\" data-src=\"https:\/\/www.lewitschnig.at\/wp-content\/uploads\/2026\/03\/Ordination-1920-x-1040-px-1024x555.webp\" class=\"attachment-large size-large lazyload\" alt=\"\" data-srcset=\"https:\/\/www.lewitschnig.at\/wp-content\/uploads\/2026\/03\/Ordination-1920-x-1040-px-1024x555.webp 1024w, https:\/\/www.lewitschnig.at\/wp-content\/uploads\/2026\/03\/Ordination-1920-x-1040-px-300x163.webp 300w, https:\/\/www.lewitschnig.at\/wp-content\/uploads\/2026\/03\/Ordination-1920-x-1040-px.webp 1920w\" data-sizes=\"(max-width: 1024px) 100vw, 1024px\" src=\"data:image\/svg+xml;base64,PHN2ZyB3aWR0aD0iMSIgaGVpZ2h0PSIxIiB4bWxucz0iaHR0cDovL3d3dy53My5vcmcvMjAwMC9zdmciPjwvc3ZnPg==\" style=\"--smush-placeholder-width: 1024px; --smush-placeholder-aspect-ratio: 1024\/555;\" \/><\/div>\t\t<\/div>\r\n\t<\/article>\r\n\t<article class=\"w-grid-item post-1102 attachment type-attachment status-inherit hentry\" data-id=\"1102\">\r\n\t\t<div class=\"w-grid-item-h\">\r\n\t\t\t\t\t\t<div class=\"w-post-elm post_image usg_post_image_1 bw-img-link stretched\"><img decoding=\"async\" width=\"1024\" height=\"555\" data-src=\"https:\/\/www.lewitschnig.at\/wp-content\/uploads\/2024\/01\/Dr.-Scarlett-Lewitschnig-Warteraum-1024x555.webp\" class=\"attachment-large size-large lazyload\" alt=\"\" data-srcset=\"https:\/\/www.lewitschnig.at\/wp-content\/uploads\/2024\/01\/Dr.-Scarlett-Lewitschnig-Warteraum-1024x555.webp 1024w, https:\/\/www.lewitschnig.at\/wp-content\/uploads\/2024\/01\/Dr.-Scarlett-Lewitschnig-Warteraum-300x163.webp 300w, https:\/\/www.lewitschnig.at\/wp-content\/uploads\/2024\/01\/Dr.-Scarlett-Lewitschnig-Warteraum.webp 1920w\" data-sizes=\"(max-width: 1024px) 100vw, 1024px\" src=\"data:image\/svg+xml;base64,PHN2ZyB3aWR0aD0iMSIgaGVpZ2h0PSIxIiB4bWxucz0iaHR0cDovL3d3dy53My5vcmcvMjAwMC9zdmciPjwvc3ZnPg==\" style=\"--smush-placeholder-width: 1024px; --smush-placeholder-aspect-ratio: 1024\/555;\" \/><\/div>\t\t<\/div>\r\n\t<\/article>\r\n<\/div><div class=\"w-grid-preloader\"><div class=\"g-preloader type_custom\">\r\n\t<div><img decoding=\"async\" width=\"300\" height=\"165\" data-src=\"https:\/\/www.lewitschnig.at\/wp-content\/uploads\/2023\/05\/lewitschnig.at_Preloader-image_914x502px-300x165.webp\" class=\"attachment-medium size-medium lazyload\" alt=\"\" data-srcset=\"https:\/\/www.lewitschnig.at\/wp-content\/uploads\/2023\/05\/lewitschnig.at_Preloader-image_914x502px-300x165.webp 300w, https:\/\/www.lewitschnig.at\/wp-content\/uploads\/2023\/05\/lewitschnig.at_Preloader-image_914x502px.webp 914w\" data-sizes=\"(max-width: 300px) 100vw, 300px\" src=\"data:image\/svg+xml;base64,PHN2ZyB3aWR0aD0iMSIgaGVpZ2h0PSIxIiB4bWxucz0iaHR0cDovL3d3dy53My5vcmcvMjAwMC9zdmciPjwvc3ZnPg==\" style=\"--smush-placeholder-width: 300px; --smush-placeholder-aspect-ratio: 300\/165;\" \/><\/div>\r\n<\/div>\r\n<\/div>\t<div class=\"w-grid-json hidden\" onclick='return {&quot;action&quot;:&quot;us_ajax_grid&quot;,&quot;ajax_url&quot;:&quot;https:\\\/\\\/www.lewitschnig.at\\\/wp-admin\\\/admin-ajax.php&quot;,&quot;infinite_scroll&quot;:0,&quot;max_num_pages&quot;:1,&quot;pagination&quot;:&quot;none&quot;,&quot;permalink_url&quot;:&quot;https:\\\/\\\/www.lewitschnig.at\\\/en\\\/wp-json\\\/wp\\\/v2\\\/pages\\\/899\\\/&quot;,&quot;template_vars&quot;:{&quot;columns&quot;:&quot;2&quot;,&quot;exclude_items&quot;:&quot;none&quot;,&quot;img_size&quot;:&quot;default&quot;,&quot;ignore_items_size&quot;:0,&quot;items_layout&quot;:&quot;96&quot;,&quot;items_offset&quot;:&quot;1&quot;,&quot;load_animation&quot;:&quot;none&quot;,&quot;overriding_link&quot;:&quot;%7B%22url%22%3A%22%22%7D&quot;,&quot;post_id&quot;:0,&quot;query_args&quot;:{&quot;post_type&quot;:[&quot;attachment&quot;],&quot;post__in&quot;:[&quot;1102&quot;,&quot;2000&quot;],&quot;post_status&quot;:&quot;inherit&quot;,&quot;post_mime_type&quot;:&quot;image&quot;,&quot;posts_per_page&quot;:&quot;2&quot;},&quot;orderby_query_args&quot;:{&quot;orderby&quot;:{&quot;date&quot;:&quot;DESC&quot;}},&quot;type&quot;:&quot;grid&quot;,&quot;us_grid_ajax_index&quot;:1,&quot;us_grid_filter_params&quot;:null,&quot;us_grid_index&quot;:1,&quot;_us_grid_post_type&quot;:&quot;attachment&quot;,&quot;page_args&quot;:[],&quot;lang&quot;:&quot;en&quot;}}'><\/div>\r\n\t<\/div><\/div><\/div><\/div><\/div><\/div><\/section>\n","protected":false},"excerpt":{"rendered":"","protected":false},"author":8,"featured_media":796,"parent":0,"menu_order":0,"comment_status":"closed","ping_status":"closed","template":"","meta":{"_acf_changed":false,"footnotes":""},"class_list":["post-899","page","type-page","status-publish","has-post-thumbnail","hentry"],"acf":[],"_links":{"self":[{"href":"https:\/\/www.lewitschnig.at\/en\/wp-json\/wp\/v2\/pages\/899","targetHints":{"allow":["GET"]}}],"collection":[{"href":"https:\/\/www.lewitschnig.at\/en\/wp-json\/wp\/v2\/pages"}],"about":[{"href":"https:\/\/www.lewitschnig.at\/en\/wp-json\/wp\/v2\/types\/page"}],"author":[{"embeddable":true,"href":"https:\/\/www.lewitschnig.at\/en\/wp-json\/wp\/v2\/users\/8"}],"replies":[{"embeddable":true,"href":"https:\/\/www.lewitschnig.at\/en\/wp-json\/wp\/v2\/comments?post=899"}],"version-history":[{"count":29,"href":"https:\/\/www.lewitschnig.at\/en\/wp-json\/wp\/v2\/pages\/899\/revisions"}],"predecessor-version":[{"id":2002,"href":"https:\/\/www.lewitschnig.at\/en\/wp-json\/wp\/v2\/pages\/899\/revisions\/2002"}],"wp:featuredmedia":[{"embeddable":true,"href":"https:\/\/www.lewitschnig.at\/en\/wp-json\/wp\/v2\/media\/796"}],"wp:attachment":[{"href":"https:\/\/www.lewitschnig.at\/en\/wp-json\/wp\/v2\/media?parent=899"}],"curies":[{"name":"wp","href":"https:\/\/api.w.org\/{rel}","templated":true}]}}