{"id":836,"date":"2019-11-20T12:18:25","date_gmt":"2019-11-20T11:18:25","guid":{"rendered":"https:\/\/www.lewitschnig.at\/schilddruese\/"},"modified":"2026-02-13T11:57:55","modified_gmt":"2026-02-13T10:57:55","slug":"thyroid","status":"publish","type":"page","link":"https:\/\/www.lewitschnig.at\/en\/thyroid\/","title":{"rendered":"The thyroid &#8211; general information"},"content":{"rendered":"<section class=\"l-section wpb_row height_auto\"><div class=\"l-section-h i-cf\"><div class=\"g-cols vc_row via_flex valign_top type_default stacking_default\"><div class=\"vc_col-sm-12 wpb_column vc_column_container\"><div class=\"vc_column-inner\"><div class=\"wpb_wrapper\"><div class=\"w-separator size_medium\"><\/div><\/div><\/div><\/div><\/div><\/div><\/section><section class=\"l-section wpb_row us_custom_60ecfddc height_huge with_img\"><div class=\"l-section-img lazyload\" role=\"img\" data-img-width=\"1452\" data-img-height=\"1492\" style=\"background-image:inherit;background-repeat: no-repeat;background-size: contain;\" data-bg-image=\"url(https:\/\/www.lewitschnig.at\/wp-content\/uploads\/2020\/03\/Grafik-Schilddruese-rot.webp)\"><\/div><div class=\"l-section-h i-cf\"><div class=\"g-cols vc_row via_flex valign_top type_default stacking_default\"><div class=\"vc_col-sm-4 wpb_column vc_column_container\"><div class=\"vc_column-inner\"><div class=\"wpb_wrapper\"><div class=\"wpb_text_column\"><div class=\"wpb_wrapper\"><h1 style=\"text-align: left;\">Thyroid<\/h1>\n<\/div><\/div><\/div><\/div><\/div><div class=\"vc_col-sm-4 wpb_column vc_column_container\"><div class=\"vc_column-inner\"><div class=\"wpb_wrapper\"><\/div><\/div><\/div><div class=\"vc_col-sm-4 wpb_column vc_column_container\"><div class=\"vc_column-inner\"><div class=\"wpb_wrapper\"><div class=\"wpb_text_column\"><div class=\"wpb_wrapper\"><p>The thyroid is an endocrine organ sitting in the lower neck hugging the wind pipe. The thyroid gland produces, stores and excretes thyroid hormones.<\/p>\n<\/div><\/div><div class=\"w-separator size_medium\"><\/div><\/div><\/div><\/div><\/div><\/div><\/section><section class=\"l-section wpb_row height_large\"><div class=\"l-section-overlay\" style=\"background:#fafafb\"><\/div><div class=\"l-section-h i-cf\"><div class=\"g-cols vc_row via_flex valign_top type_default stacking_default\"><div class=\"vc_col-sm-12 wpb_column vc_column_container\"><div class=\"vc_column-inner\"><div class=\"wpb_wrapper\"><div class=\"g-cols wpb_row via_flex valign_top type_default stacking_default\"><div class=\"vc_col-sm-4 wpb_column vc_column_container\"><div class=\"vc_column-inner\"><div class=\"wpb_wrapper\"><div class=\"wpb_text_column\"><div class=\"wpb_wrapper\"><h2 style=\"text-align: left;\">Functions of the thyroid<\/h2>\n<\/div><\/div><\/div><\/div><\/div><div class=\"vc_col-sm-8 wpb_column vc_column_container\"><div class=\"vc_column-inner\"><div class=\"wpb_wrapper\"><div class=\"wpb_text_column\"><div class=\"wpb_wrapper\"><h6>The thyroid hormones influence carbohydrate, protein and lipid metabolism. The thyroid is particularly important when you plan a family. A normal thyroid function during pregnancy facilitates the normal development of the baby and reduces risks for mothers.<\/h6>\n<\/div><\/div><\/div><\/div><\/div><\/div><div class=\"w-separator size_huge\"><\/div><div class=\"w-separator size_huge\"><\/div><div class=\"g-cols wpb_row via_flex valign_top type_default stacking_default\"><div class=\"vc_col-sm-6 wpb_column vc_column_container\"><div class=\"vc_column-inner\"><div class=\"wpb_wrapper\"><div class=\"w-image align_none\"><div url class=\"w-image-h\"><img decoding=\"async\" width=\"626\" height=\"417\" data-src=\"https:\/\/www.lewitschnig.at\/wp-content\/uploads\/2019\/11\/scarlett_lewitschnig_schilddruesenaerztin_schilddruesenexperte_frau_mit_angeschwollener_schilddruese.jpg\" class=\"attachment-full size-full lazyload\" alt=\"\" data-srcset=\"https:\/\/www.lewitschnig.at\/wp-content\/uploads\/2019\/11\/scarlett_lewitschnig_schilddruesenaerztin_schilddruesenexperte_frau_mit_angeschwollener_schilddruese.jpg 626w, https:\/\/www.lewitschnig.at\/wp-content\/uploads\/2019\/11\/scarlett_lewitschnig_schilddruesenaerztin_schilddruesenexperte_frau_mit_angeschwollener_schilddruese-300x200.jpg 300w\" data-sizes=\"(max-width: 626px) 100vw, 626px\" src=\"data:image\/svg+xml;base64,PHN2ZyB3aWR0aD0iMSIgaGVpZ2h0PSIxIiB4bWxucz0iaHR0cDovL3d3dy53My5vcmcvMjAwMC9zdmciPjwvc3ZnPg==\" style=\"--smush-placeholder-width: 626px; --smush-placeholder-aspect-ratio: 626\/417;\" \/><\/div><\/div><\/div><\/div><\/div><div class=\"vc_col-sm-6 wpb_column vc_column_container\"><div class=\"vc_column-inner\"><div class=\"wpb_wrapper\"><div class=\"wpb_text_column\"><div class=\"wpb_wrapper\"><h3>Hypothyroidism<\/h3>\n<p>The most common cause for hypothyroidism is Hashimoto thyroiditis. Hashimoto is an autoimmune disease, where the body produces antibodies against the thyroid gland. Other causes for hypothyroidism include iodine, selenium or iron deficiencies as well as suboptimal substitution of thyroid medication following surgery or radio iodine therapy.<br \/>\nHypothyroid symptoms include fatigue, poor concentration, weight gain, low mood etc.<\/p>\n<\/div><\/div><div class=\"w-btn-wrapper align_none\"><a class=\"w-btn us-btn-style_2 us_custom_a5c88937 icon_atright\" title=\"Hypothyroidism\" href=\"https:\/\/www.lewitschnig.at\/en\/thyroid\/hypothyroidism\/\"><span class=\"w-btn-label\">more information<\/span><i class=\"fal fa-arrow-right\"><\/i><\/a><\/div><\/div><\/div><\/div><\/div><div class=\"w-separator size_huge\"><\/div><div class=\"w-separator size_huge\"><\/div><div class=\"g-cols wpb_row via_flex valign_top type_default stacking_default\"><div class=\"vc_col-sm-6 wpb_column vc_column_container\"><div class=\"vc_column-inner\"><div class=\"wpb_wrapper\"><div class=\"wpb_text_column\"><div class=\"wpb_wrapper\"><h3>Hyperthyroidism<\/h3>\n<p>With hyperthyroidism everything in the body is accelerated. The most common causes for hyperthyroidism are Graves disease, an autoimmune disorder, thyroid autonomy most commonly due to an autonomic nodule and acute inflammation of the thyroid gland in the early stages. Another very common cause of hyperthyroidism is overdosing of thyroid medication or high exposure to iodine.<\/p>\n<p>Hyperthyroid symptoms include palpitations, sweating, weight loss, anxiety, hair loss etc.<\/p>\n<\/div><\/div><div class=\"w-btn-wrapper align_none\"><a class=\"w-btn us-btn-style_2 us_custom_a5c88937 icon_atright\" title=\"Hyperthyroidism\" href=\"https:\/\/www.lewitschnig.at\/en\/thyroid\/hyperthyroidism\/\"><span class=\"w-btn-label\">more information<\/span><i class=\"fal fa-arrow-right\"><\/i><\/a><\/div><\/div><\/div><\/div><div class=\"vc_col-sm-6 wpb_column vc_column_container\"><div class=\"vc_column-inner\"><div class=\"wpb_wrapper\"><div class=\"w-image align_none\"><div url class=\"w-image-h\"><img decoding=\"async\" width=\"626\" height=\"417\" data-src=\"https:\/\/www.lewitschnig.at\/wp-content\/uploads\/2019\/12\/Dr.-Scarlett-Lewitschnig-Schilddruese-Ultraschall-Foto-Media-Workspace.webp\" class=\"attachment-full size-full lazyload\" alt=\"Dr. Scarlett Lewitschnig - Ihre Expertin f\u00fcr Schilddr\u00fcse, \u00c4sthetik und Komplement\u00e4rmedizin - Schilddr\u00fcsen Untersuchung vor allem bei Frauen ab 50 Jahren\" src=\"data:image\/svg+xml;base64,PHN2ZyB3aWR0aD0iMSIgaGVpZ2h0PSIxIiB4bWxucz0iaHR0cDovL3d3dy53My5vcmcvMjAwMC9zdmciPjwvc3ZnPg==\" style=\"--smush-placeholder-width: 626px; --smush-placeholder-aspect-ratio: 626\/417;\" \/><\/div><\/div><\/div><\/div><\/div><\/div><div class=\"w-separator size_huge\"><\/div><div class=\"w-separator size_huge\"><\/div><div class=\"g-cols wpb_row via_flex valign_top type_default stacking_default\"><div class=\"vc_col-sm-6 wpb_column vc_column_container\"><div class=\"vc_column-inner\"><div class=\"wpb_wrapper\"><div class=\"w-image align_none\"><div url class=\"w-image-h\"><img decoding=\"async\" width=\"1024\" height=\"555\" data-src=\"https:\/\/www.lewitschnig.at\/wp-content\/uploads\/2024\/01\/Dr.-Scarlett-Lewitschnig-Schilddruesen-Knoten-1024x555.webp\" class=\"attachment-large size-large lazyload\" alt=\"\" data-srcset=\"https:\/\/www.lewitschnig.at\/wp-content\/uploads\/2024\/01\/Dr.-Scarlett-Lewitschnig-Schilddruesen-Knoten-1024x555.webp 1024w, https:\/\/www.lewitschnig.at\/wp-content\/uploads\/2024\/01\/Dr.-Scarlett-Lewitschnig-Schilddruesen-Knoten-300x163.webp 300w, https:\/\/www.lewitschnig.at\/wp-content\/uploads\/2024\/01\/Dr.-Scarlett-Lewitschnig-Schilddruesen-Knoten.webp 1920w\" data-sizes=\"(max-width: 1024px) 100vw, 1024px\" src=\"data:image\/svg+xml;base64,PHN2ZyB3aWR0aD0iMSIgaGVpZ2h0PSIxIiB4bWxucz0iaHR0cDovL3d3dy53My5vcmcvMjAwMC9zdmciPjwvc3ZnPg==\" style=\"--smush-placeholder-width: 1024px; --smush-placeholder-aspect-ratio: 1024\/555;\" \/><\/div><\/div><\/div><\/div><\/div><div class=\"vc_col-sm-6 wpb_column vc_column_container\"><div class=\"vc_column-inner\"><div class=\"wpb_wrapper\"><div class=\"wpb_text_column\"><div class=\"wpb_wrapper\"><h4>Thyroid nodules<\/h4>\n<p>Thyroid nodules are extremely common and usually don`t cause any problems. They can only be diagnosed with thyroid ultrasound. Nodules can cause problems if they become too big and cause pressure locally, when they produce too many thyroid hormones and when they become malignant. The ultrasound helps to distinguish between a benign nodule and cancer.<\/p>\n<\/div><\/div><div class=\"w-btn-wrapper align_none\"><a class=\"w-btn us-btn-style_2 us_custom_a5c88937 icon_atright\" title=\"Thyroid nodules\" href=\"https:\/\/www.lewitschnig.at\/en\/thyroid\/thyroid-nodules\/\"><span class=\"w-btn-label\">more information<\/span><i class=\"fal fa-arrow-right\"><\/i><\/a><\/div><\/div><\/div><\/div><\/div><div class=\"w-separator size_medium\"><\/div><\/div><\/div><\/div><\/div><\/div><\/section>\n","protected":false},"excerpt":{"rendered":"Thyroid The thyroid is an endocrine organ sitting in the lower neck hugging the wind pipe. The thyroid gland produces, stores and excretes thyroid hormones. Functions of the thyroid The thyroid hormones influence carbohydrate, protein and lipid metabolism. The thyroid is particularly important when you plan a family. A normal thyroid function during pregnancy facilitates...","protected":false},"author":8,"featured_media":807,"parent":0,"menu_order":0,"comment_status":"closed","ping_status":"closed","template":"","meta":{"_acf_changed":false,"footnotes":""},"class_list":["post-836","page","type-page","status-publish","has-post-thumbnail","hentry"],"acf":[],"_links":{"self":[{"href":"https:\/\/www.lewitschnig.at\/en\/wp-json\/wp\/v2\/pages\/836","targetHints":{"allow":["GET"]}}],"collection":[{"href":"https:\/\/www.lewitschnig.at\/en\/wp-json\/wp\/v2\/pages"}],"about":[{"href":"https:\/\/www.lewitschnig.at\/en\/wp-json\/wp\/v2\/types\/page"}],"author":[{"embeddable":true,"href":"https:\/\/www.lewitschnig.at\/en\/wp-json\/wp\/v2\/users\/8"}],"replies":[{"embeddable":true,"href":"https:\/\/www.lewitschnig.at\/en\/wp-json\/wp\/v2\/comments?post=836"}],"version-history":[{"count":15,"href":"https:\/\/www.lewitschnig.at\/en\/wp-json\/wp\/v2\/pages\/836\/revisions"}],"predecessor-version":[{"id":1970,"href":"https:\/\/www.lewitschnig.at\/en\/wp-json\/wp\/v2\/pages\/836\/revisions\/1970"}],"wp:featuredmedia":[{"embeddable":true,"href":"https:\/\/www.lewitschnig.at\/en\/wp-json\/wp\/v2\/media\/807"}],"wp:attachment":[{"href":"https:\/\/www.lewitschnig.at\/en\/wp-json\/wp\/v2\/media?parent=836"}],"curies":[{"name":"wp","href":"https:\/\/api.w.org\/{rel}","templated":true}]}}